{"id":71,"date":"2021-07-05T15:56:51","date_gmt":"2021-07-05T13:56:51","guid":{"rendered":"https:\/\/christine-bouvier.com\/wp\/?page_id=71"},"modified":"2025-09-28T11:36:58","modified_gmt":"2025-09-28T09:36:58","slug":"contact","status":"publish","type":"page","link":"https:\/\/christine-bouvier.com\/wp\/contact\/","title":{"rendered":"contact"},"content":{"rendered":"\n<p> instagram <a href=\"https:\/\/www.instagram.com\/christine_bouvier_b\/\" data-type=\"URL\" data-id=\"https:\/\/www.instagram.com\/christine_bouvier_b\/\" target=\"_blank\" rel=\"noreferrer noopener\">(at)christine_bouvier_b<\/a><br><\/p>\n\n\n\n<style>\n  \/* Lien \"Cr\u00e9dits\" en bas \u00e0 gauche *\/\n  .credit-toggle {\n    position: fixed;\n    bottom: 10px;\n    left: 10px;\n    font-size: 14px;\n    color: #000;\n    cursor: pointer;\n    z-index: 9999;\n    background: none;\n    border: none;\n    padding: 0;\n    text-decoration: underline;\n  }\n\n  \/* Bloc des cr\u00e9dits *\/\n  .credit-content {\n    position: fixed;\n    bottom: 35px; \/* juste au-dessus du lien *\/\n    left: 10px;\n    max-width: 300px;\n    width: calc(100% - 20px); \/* pour laisser 10px de marge des deux c\u00f4t\u00e9s *\/\n    font-size: 13px;\n    color: #000;\n    display: none;\n    z-index: 9999;\n    line-height: 1.5;\n    word-break: normal;\n    white-space: normal;\n  }\n\n  @media (max-width: 600px) {\n    .credit-content {\n      left: 10px;\n      right: 10px;\n      max-width: unset;\n      width: auto;\n    }\n  }\n.bas_contact p {\nwidth: initial;}\n \n<\/style>\n\n<!-- Lien \"Cr\u00e9dits\" -->\n<button style=\"margin: 18px;\" class=\"credit-toggle\" onclick=\"toggleCredits()\">Cr\u00e9dits<\/button>\n\n<!-- Contenu des cr\u00e9dits -->\n<div class=\"credit-content\" id=\"creditBlock\">\n  <div class=\"bas_contact\">\n    <p style=\"margin: 18px;\">\n      typographie Tartuffo de \n      <a href=\"https:\/\/www.lift-type.fr\/fr\/shop\/typographie\/tartuffo-2\/\" target=\"_blank\" rel=\"noreferrer noopener\">Lift Type<\/a><br>\n      cr\u00e9ation web \n      <a href=\"http:\/\/antoinedamay.fr\" target=\"_blank\" rel=\"noreferrer noopener\">Antoine Damay<\/a><br><br>\n      Tous droits r\u00e9serv\u00e9s Christine Bouvier 2025 | Mentions l\u00e9gales :<br>\n      Les \u00e9l\u00e9ments pr\u00e9sents sur ce site internet sont la propri\u00e9t\u00e9 exclusive de Christine Bouvier. Aucune reproduction ou utilisation n\u2019est autoris\u00e9e sans l\u2019accord pr\u00e9alable de l\u2019auteur.\n    <\/p>\n  <\/div>\n<\/div>\n\n<script>\n  function toggleCredits() {\n    const block = document.getElementById('creditBlock');\n    block.style.display = block.style.display === 'block' ? 'none' : 'block';\n  }\n<\/script>\n\n\n\n\n<p><\/p>\n","protected":false},"excerpt":{"rendered":"<p>instagram (at)christine_bouvier_b Cr\u00e9dits typographie Tartuffo de Lift Type cr\u00e9ation web Antoine Damay Tous droits r\u00e9serv\u00e9s Christine Bouvier 2025 | Mentions l\u00e9gales : Les \u00e9l\u00e9ments pr\u00e9sents sur ce site internet sont la propri\u00e9t\u00e9 exclusive de Christine Bouvier. Aucune reproduction ou utilisation n\u2019est autoris\u00e9e sans l\u2019accord pr\u00e9alable de l\u2019auteur.<\/p>\n","protected":false},"author":1,"featured_media":0,"parent":0,"menu_order":0,"comment_status":"closed","ping_status":"closed","template":"","meta":{"footnotes":""},"class_list":["post-71","page","type-page","status-publish","hentry"],"_links":{"self":[{"href":"https:\/\/christine-bouvier.com\/wp\/wp-json\/wp\/v2\/pages\/71","targetHints":{"allow":["GET"]}}],"collection":[{"href":"https:\/\/christine-bouvier.com\/wp\/wp-json\/wp\/v2\/pages"}],"about":[{"href":"https:\/\/christine-bouvier.com\/wp\/wp-json\/wp\/v2\/types\/page"}],"author":[{"embeddable":true,"href":"https:\/\/christine-bouvier.com\/wp\/wp-json\/wp\/v2\/users\/1"}],"replies":[{"embeddable":true,"href":"https:\/\/christine-bouvier.com\/wp\/wp-json\/wp\/v2\/comments?post=71"}],"version-history":[{"count":45,"href":"https:\/\/christine-bouvier.com\/wp\/wp-json\/wp\/v2\/pages\/71\/revisions"}],"predecessor-version":[{"id":564,"href":"https:\/\/christine-bouvier.com\/wp\/wp-json\/wp\/v2\/pages\/71\/revisions\/564"}],"wp:attachment":[{"href":"https:\/\/christine-bouvier.com\/wp\/wp-json\/wp\/v2\/media?parent=71"}],"curies":[{"name":"wp","href":"https:\/\/api.w.org\/{rel}","templated":true}]}}